{"id":5896,"date":"2024-11-24T03:06:54","date_gmt":"2024-11-23T20:06:54","guid":{"rendered":"https:\/\/www.princepalace.co.th\/accommodation\/"},"modified":"2026-03-04T16:53:57","modified_gmt":"2026-03-04T09:53:57","slug":"accommodation","status":"publish","type":"page","link":"https:\/\/www.princepalace.co.th\/fr\/accommodation\/","title":{"rendered":"H\u00e9bergement"},"content":{"rendered":"<!DOCTYPE html PUBLIC \"-\/\/W3C\/\/DTD HTML 4.0 Transitional\/\/EN\" \"http:\/\/www.w3.org\/TR\/REC-html40\/loose.dtd\">\n<?xml encoding=\"utf-8\" ?>\n","protected":false},"excerpt":{"rendered":"","protected":false},"author":1,"featured_media":5344,"parent":0,"menu_order":0,"comment_status":"closed","ping_status":"closed","template":"template-pages\/page-accommodations.php","meta":{"_acf_changed":false,"footnotes":""},"class_list":["post-5896","page","type-page","status-publish","has-post-thumbnail","hentry","is-single-post"],"acf":[],"yoast_head":"<!-- This site is optimized with the Yoast SEO plugin v23.9 - https:\/\/yoast.com\/wordpress\/plugins\/seo\/ -->\n<title>H\u00e9bergement - Prince Palace Hotel Bangkok<\/title>\n<meta name=\"description\" content=\"D\u00e9couvrez 8 cat\u00e9gories de chambres et suites \u00e9l\u00e9gantes et spacieuses, alliant confort et raffinement.\" \/>\n<meta name=\"robots\" content=\"index, follow, max-snippet:-1, max-image-preview:large, max-video-preview:-1\" \/>\n<link rel=\"canonical\" href=\"https:\/\/www.princepalace.co.th\/fr\/accommodation\/\" \/>\n<meta property=\"og:locale\" content=\"fr_FR\" \/>\n<meta property=\"og:type\" content=\"article\" \/>\n<meta property=\"og:title\" content=\"H\u00e9bergement - Prince Palace Hotel Bangkok\" \/>\n<meta property=\"og:description\" content=\"D\u00e9couvrez 8 cat\u00e9gories de chambres et suites \u00e9l\u00e9gantes et spacieuses, alliant confort et raffinement.\" \/>\n<meta property=\"og:url\" content=\"https:\/\/www.princepalace.co.th\/fr\/accommodation\/\" \/>\n<meta property=\"og:site_name\" content=\"Prince Palace Hotel Bangkok\" \/>\n<meta property=\"article:publisher\" content=\"https:\/\/www.facebook.com\/PRINCEPALACE\" \/>\n<meta property=\"article:modified_time\" content=\"2026-03-04T09:53:57+00:00\" \/>\n<meta property=\"og:image\" content=\"https:\/\/www.princepalace.co.th\/wp-content\/uploads\/2024\/11\/44_Penthouse.jpg\" \/>\n\t<meta property=\"og:image:width\" content=\"1000\" \/>\n\t<meta property=\"og:image:height\" content=\"664\" \/>\n\t<meta property=\"og:image:type\" content=\"image\/jpeg\" \/>\n<meta name=\"twitter:card\" content=\"summary_large_image\" \/>\n<meta name=\"twitter:label1\" content=\"Est. reading time\" \/>\n\t<meta name=\"twitter:data1\" content=\"1 minute\" \/>\n<script type=\"application\/ld+json\" class=\"yoast-schema-graph\">{\"@context\":\"https:\/\/schema.org\",\"@graph\":[{\"@type\":\"WebPage\",\"@id\":\"https:\/\/www.princepalace.co.th\/fr\/accommodation\/\",\"url\":\"https:\/\/www.princepalace.co.th\/fr\/accommodation\/\",\"name\":\"H\u00e9bergement - Prince Palace Hotel Bangkok\",\"isPartOf\":{\"@id\":\"https:\/\/www.princepalace.co.th\/#website\"},\"primaryImageOfPage\":{\"@id\":\"https:\/\/www.princepalace.co.th\/fr\/accommodation\/#primaryimage\"},\"image\":{\"@id\":\"https:\/\/www.princepalace.co.th\/fr\/accommodation\/#primaryimage\"},\"thumbnailUrl\":\"https:\/\/www.princepalace.co.th\/wp-content\/uploads\/2024\/11\/44_Penthouse.jpg\",\"datePublished\":\"2024-11-23T20:06:54+00:00\",\"dateModified\":\"2026-03-04T09:53:57+00:00\",\"description\":\"D\u00e9couvrez 8 cat\u00e9gories de chambres et suites \u00e9l\u00e9gantes et spacieuses, alliant confort et raffinement.\",\"breadcrumb\":{\"@id\":\"https:\/\/www.princepalace.co.th\/fr\/accommodation\/#breadcrumb\"},\"inLanguage\":\"fr-FR\",\"potentialAction\":[{\"@type\":\"ReadAction\",\"target\":[\"https:\/\/www.princepalace.co.th\/fr\/accommodation\/\"]}]},{\"@type\":\"ImageObject\",\"inLanguage\":\"fr-FR\",\"@id\":\"https:\/\/www.princepalace.co.th\/fr\/accommodation\/#primaryimage\",\"url\":\"https:\/\/www.princepalace.co.th\/wp-content\/uploads\/2024\/11\/44_Penthouse.jpg\",\"contentUrl\":\"https:\/\/www.princepalace.co.th\/wp-content\/uploads\/2024\/11\/44_Penthouse.jpg\",\"width\":1000,\"height\":664},{\"@type\":\"BreadcrumbList\",\"@id\":\"https:\/\/www.princepalace.co.th\/fr\/accommodation\/#breadcrumb\",\"itemListElement\":[{\"@type\":\"ListItem\",\"position\":1,\"name\":\"Home\",\"item\":\"https:\/\/www.princepalace.co.th\/fr\/\"},{\"@type\":\"ListItem\",\"position\":2,\"name\":\"H\u00e9bergement\"}]},{\"@type\":\"WebSite\",\"@id\":\"https:\/\/www.princepalace.co.th\/#website\",\"url\":\"https:\/\/www.princepalace.co.th\/\",\"name\":\"Prince Palace Hotel Bangkok\",\"description\":\"\",\"publisher\":{\"@id\":\"https:\/\/www.princepalace.co.th\/#organization\"},\"potentialAction\":[{\"@type\":\"SearchAction\",\"target\":{\"@type\":\"EntryPoint\",\"urlTemplate\":\"https:\/\/www.princepalace.co.th\/?s={search_term_string}\"},\"query-input\":{\"@type\":\"PropertyValueSpecification\",\"valueRequired\":true,\"valueName\":\"search_term_string\"}}],\"inLanguage\":\"fr-FR\"},{\"@type\":\"Organization\",\"@id\":\"https:\/\/www.princepalace.co.th\/#organization\",\"name\":\"Prince Palace Hotel Bangkok\",\"url\":\"https:\/\/www.princepalace.co.th\/\",\"logo\":{\"@type\":\"ImageObject\",\"inLanguage\":\"fr-FR\",\"@id\":\"https:\/\/www.princepalace.co.th\/#\/schema\/logo\/image\/\",\"url\":\"https:\/\/www.princepalace.co.th\/wp-content\/uploads\/2024\/11\/Gold-logo.png\",\"contentUrl\":\"https:\/\/www.princepalace.co.th\/wp-content\/uploads\/2024\/11\/Gold-logo.png\",\"width\":288,\"height\":150,\"caption\":\"Prince Palace Hotel Bangkok\"},\"image\":{\"@id\":\"https:\/\/www.princepalace.co.th\/#\/schema\/logo\/image\/\"},\"sameAs\":[\"https:\/\/www.facebook.com\/PRINCEPALACE\",\"https:\/\/www.instagram.com\/princepalacehotel\",\"https:\/\/www.youtube.com\/@princepalacehotelbangkok\",\"https:\/\/page.line.me\/princepalacehotel\"]}]}<\/script>\n<!-- \/ Yoast SEO plugin. -->","yoast_head_json":{"title":"H\u00e9bergement - Prince Palace Hotel Bangkok","description":"D\u00e9couvrez 8 cat\u00e9gories de chambres et suites \u00e9l\u00e9gantes et spacieuses, alliant confort et raffinement.","robots":{"index":"index","follow":"follow","max-snippet":"max-snippet:-1","max-image-preview":"max-image-preview:large","max-video-preview":"max-video-preview:-1"},"canonical":"https:\/\/www.princepalace.co.th\/fr\/accommodation\/","og_locale":"fr_FR","og_type":"article","og_title":"H\u00e9bergement - Prince Palace Hotel Bangkok","og_description":"D\u00e9couvrez 8 cat\u00e9gories de chambres et suites \u00e9l\u00e9gantes et spacieuses, alliant confort et raffinement.","og_url":"https:\/\/www.princepalace.co.th\/fr\/accommodation\/","og_site_name":"Prince Palace Hotel Bangkok","article_publisher":"https:\/\/www.facebook.com\/PRINCEPALACE","article_modified_time":"2026-03-04T09:53:57+00:00","og_image":[{"width":1000,"height":664,"url":"https:\/\/www.princepalace.co.th\/wp-content\/uploads\/2024\/11\/44_Penthouse.jpg","type":"image\/jpeg"}],"twitter_card":"summary_large_image","twitter_misc":{"Est. reading time":"1 minute"},"schema":{"@context":"https:\/\/schema.org","@graph":[{"@type":"WebPage","@id":"https:\/\/www.princepalace.co.th\/fr\/accommodation\/","url":"https:\/\/www.princepalace.co.th\/fr\/accommodation\/","name":"H\u00e9bergement - Prince Palace Hotel Bangkok","isPartOf":{"@id":"https:\/\/www.princepalace.co.th\/#website"},"primaryImageOfPage":{"@id":"https:\/\/www.princepalace.co.th\/fr\/accommodation\/#primaryimage"},"image":{"@id":"https:\/\/www.princepalace.co.th\/fr\/accommodation\/#primaryimage"},"thumbnailUrl":"https:\/\/www.princepalace.co.th\/wp-content\/uploads\/2024\/11\/44_Penthouse.jpg","datePublished":"2024-11-23T20:06:54+00:00","dateModified":"2026-03-04T09:53:57+00:00","description":"D\u00e9couvrez 8 cat\u00e9gories de chambres et suites \u00e9l\u00e9gantes et spacieuses, alliant confort et raffinement.","breadcrumb":{"@id":"https:\/\/www.princepalace.co.th\/fr\/accommodation\/#breadcrumb"},"inLanguage":"fr-FR","potentialAction":[{"@type":"ReadAction","target":["https:\/\/www.princepalace.co.th\/fr\/accommodation\/"]}]},{"@type":"ImageObject","inLanguage":"fr-FR","@id":"https:\/\/www.princepalace.co.th\/fr\/accommodation\/#primaryimage","url":"https:\/\/www.princepalace.co.th\/wp-content\/uploads\/2024\/11\/44_Penthouse.jpg","contentUrl":"https:\/\/www.princepalace.co.th\/wp-content\/uploads\/2024\/11\/44_Penthouse.jpg","width":1000,"height":664},{"@type":"BreadcrumbList","@id":"https:\/\/www.princepalace.co.th\/fr\/accommodation\/#breadcrumb","itemListElement":[{"@type":"ListItem","position":1,"name":"Home","item":"https:\/\/www.princepalace.co.th\/fr\/"},{"@type":"ListItem","position":2,"name":"H\u00e9bergement"}]},{"@type":"WebSite","@id":"https:\/\/www.princepalace.co.th\/#website","url":"https:\/\/www.princepalace.co.th\/","name":"Prince Palace Hotel Bangkok","description":"","publisher":{"@id":"https:\/\/www.princepalace.co.th\/#organization"},"potentialAction":[{"@type":"SearchAction","target":{"@type":"EntryPoint","urlTemplate":"https:\/\/www.princepalace.co.th\/?s={search_term_string}"},"query-input":{"@type":"PropertyValueSpecification","valueRequired":true,"valueName":"search_term_string"}}],"inLanguage":"fr-FR"},{"@type":"Organization","@id":"https:\/\/www.princepalace.co.th\/#organization","name":"Prince Palace Hotel Bangkok","url":"https:\/\/www.princepalace.co.th\/","logo":{"@type":"ImageObject","inLanguage":"fr-FR","@id":"https:\/\/www.princepalace.co.th\/#\/schema\/logo\/image\/","url":"https:\/\/www.princepalace.co.th\/wp-content\/uploads\/2024\/11\/Gold-logo.png","contentUrl":"https:\/\/www.princepalace.co.th\/wp-content\/uploads\/2024\/11\/Gold-logo.png","width":288,"height":150,"caption":"Prince Palace Hotel Bangkok"},"image":{"@id":"https:\/\/www.princepalace.co.th\/#\/schema\/logo\/image\/"},"sameAs":["https:\/\/www.facebook.com\/PRINCEPALACE","https:\/\/www.instagram.com\/princepalacehotel","https:\/\/www.youtube.com\/@princepalacehotelbangkok","https:\/\/page.line.me\/princepalacehotel"]}]}},"_links":{"self":[{"href":"https:\/\/www.princepalace.co.th\/fr\/wp-json\/wp\/v2\/pages\/5896","targetHints":{"allow":["GET"]}}],"collection":[{"href":"https:\/\/www.princepalace.co.th\/fr\/wp-json\/wp\/v2\/pages"}],"about":[{"href":"https:\/\/www.princepalace.co.th\/fr\/wp-json\/wp\/v2\/types\/page"}],"author":[{"embeddable":true,"href":"https:\/\/www.princepalace.co.th\/fr\/wp-json\/wp\/v2\/users\/1"}],"replies":[{"embeddable":true,"href":"https:\/\/www.princepalace.co.th\/fr\/wp-json\/wp\/v2\/comments?post=5896"}],"version-history":[{"count":1,"href":"https:\/\/www.princepalace.co.th\/fr\/wp-json\/wp\/v2\/pages\/5896\/revisions"}],"predecessor-version":[{"id":5906,"href":"https:\/\/www.princepalace.co.th\/fr\/wp-json\/wp\/v2\/pages\/5896\/revisions\/5906"}],"wp:featuredmedia":[{"embeddable":true,"href":"https:\/\/www.princepalace.co.th\/fr\/wp-json\/wp\/v2\/media\/5344"}],"wp:attachment":[{"href":"https:\/\/www.princepalace.co.th\/fr\/wp-json\/wp\/v2\/media?parent=5896"}],"curies":[{"name":"wp","href":"https:\/\/api.w.org\/{rel}","templated":true}]}}